{"id":8,"date":"2024-11-05T04:14:09","date_gmt":"2024-11-05T04:14:09","guid":{"rendered":"https:\/\/www.ot-mortagne.com\/?page_id=8"},"modified":"2024-11-05T04:14:09","modified_gmt":"2024-11-05T04:14:09","slug":"home","status":"publish","type":"page","link":"https:\/\/www.ot-mortagne.com\/","title":{"rendered":"Home"},"content":{"rendered":"\n<p>Dominant la Gironde, Mortagne vous offre le plus beau point de vue sur l&#8217;estuaire le plus large d&#8217;Europe (14 km \u00e0 cet endroit).<\/p>\n\n\n\n<figure class=\"wp-block-image size-full\"><img loading=\"lazy\" decoding=\"async\" width=\"210\" height=\"285\" src=\"https:\/\/www.ot-mortagne.com\/wp-content\/uploads\/2024\/11\/image.png\" alt=\"\" class=\"wp-image-10\"\/><\/figure>\n\n\n\n<p>A seulement 20 km des premi\u00e8res plages, laissez vous s\u00e9duire par le charme, le calme et la beaut\u00e9 de cette petite ville du Pays Royannais. Afin d&#8217;organiser au mieux votre s\u00e9jour de nombreuses activit\u00e9s et manifestations vous sont propos\u00e9es. Egalement \u00e0 votre disposition, la liste des h\u00e9bergements de Mortagne et ses environs.<\/p>\n\n\n\n<p><\/p>\n","protected":false},"excerpt":{"rendered":"<p>Dominant la Gironde, Mortagne vous offre le plus beau point de vue sur l&#8217;estuaire le plus large d&#8217;Europe (14 km \u00e0 cet endroit). A seulement 20 km des premi\u00e8res plages, laissez vous s\u00e9duire par le charme, le calme et la beaut\u00e9 de cette petite ville du Pays Royannais. Afin d&#8217;organiser au mieux votre s\u00e9jour de [&hellip;]<\/p>\n","protected":false},"author":1,"featured_media":0,"parent":0,"menu_order":0,"comment_status":"closed","ping_status":"closed","template":"","meta":{"footnotes":""},"class_list":["post-8","page","type-page","status-publish","hentry"],"_links":{"self":[{"href":"https:\/\/www.ot-mortagne.com\/index.php?rest_route=\/wp\/v2\/pages\/8","targetHints":{"allow":["GET"]}}],"collection":[{"href":"https:\/\/www.ot-mortagne.com\/index.php?rest_route=\/wp\/v2\/pages"}],"about":[{"href":"https:\/\/www.ot-mortagne.com\/index.php?rest_route=\/wp\/v2\/types\/page"}],"author":[{"embeddable":true,"href":"https:\/\/www.ot-mortagne.com\/index.php?rest_route=\/wp\/v2\/users\/1"}],"replies":[{"embeddable":true,"href":"https:\/\/www.ot-mortagne.com\/index.php?rest_route=%2Fwp%2Fv2%2Fcomments&post=8"}],"version-history":[{"count":1,"href":"https:\/\/www.ot-mortagne.com\/index.php?rest_route=\/wp\/v2\/pages\/8\/revisions"}],"predecessor-version":[{"id":11,"href":"https:\/\/www.ot-mortagne.com\/index.php?rest_route=\/wp\/v2\/pages\/8\/revisions\/11"}],"wp:attachment":[{"href":"https:\/\/www.ot-mortagne.com\/index.php?rest_route=%2Fwp%2Fv2%2Fmedia&parent=8"}],"curies":[{"name":"wp","href":"https:\/\/api.w.org\/{rel}","templated":true}]}}