{"id":12,"date":"2024-11-05T04:15:28","date_gmt":"2024-11-05T04:15:28","guid":{"rendered":"https:\/\/www.ot-mortagne.com\/?page_id=12"},"modified":"2024-11-05T04:23:43","modified_gmt":"2024-11-05T04:23:43","slug":"histoire","status":"publish","type":"page","link":"https:\/\/www.ot-mortagne.com\/?page_id=12","title":{"rendered":"Un Peu D&#8217;histoire"},"content":{"rendered":"\n<p>Mortagne a b\u00e9n\u00e9fici\u00e9 pendant des si\u00e8cles de sa situation g\u00e9ographique.<br><br>Sur un \u00e9peron calcaire \u00e0 mi-chemin des voies fluviales reliant le nord et le sud de l\u2019Europe, cette petite ville a prosp\u00e9r\u00e9 gr\u00e2ce au commerce.<br><br>Mortagne doit son nom \u00e0 une colonie Maure \u00e9tablie jadis sur ce coin de terre.&nbsp;<em>Mauritania<\/em>&nbsp;\u00e9tant le nom latin de Mortagne.<\/p>\n\n\n\n<p>Survoler le diaporama pour l&#8217;arr\u00eater. Au II\u00e8me si\u00e8cle ap. J.C., saint Martial (\u00e9v\u00eaque de Limoges) s\u2019installe dans les cavit\u00e9s calcaires des falaises. Ces cavit\u00e9s seront ensuite am\u00e9nag\u00e9es et utilis\u00e9es comme habitation par les moines entre le IV\u00e8me et le X\u00e8me si\u00e8cle. On peut aujourd\u2019hui visiter\u00a0l\u2019Ermitage Saint Martial\u00a0qui fut l\u2019un des premiers lieux de culte chr\u00e9tien.<\/p>\n\n\n\n<p>Mortagne fut ensuite le si\u00e8ge d\u2019une puissante seigneurie install\u00e9e dans le ch\u00e2teau fort surplombant l\u2019Estuaire sur le haut de la falaise. L\u2019autorit\u00e9 du seigneur \u00e9tait appuy\u00e9e par le Prieur\u00e9 des chanoines r\u00e9guliers de l\u2019ordre de Saint Augustin qui g\u00e9rait alors 9 paroisses.<\/p>\n\n\n\n<p>Durant la Guerre de cent ans, le ch\u00e2teau connu de nombreux si\u00e8ges. En 1378, un jeune prince Yvain de Galles, alli\u00e9 du roi de France, fut assassin\u00e9 par les anglais en d\u00e9fendant le ch\u00e2teau fort de Mortagne. En 1407, Mortagne fut d\u00e9finitivement d\u00e9livr\u00e9e des anglais par le seigneur Fran\u00e7ois de Montberon et fut \u00e9lev\u00e9e au&nbsp;titre de principaut\u00e9.<\/p>\n\n\n\n<p>1580 les protestants s\u2019emparent de Mortagne et d\u00e9truisent le Prieur\u00e9 et une partie de l\u2019\u00e9glise romane. Louis XIII vient soutenir les op\u00e9rations militaires en 1622 et d\u00e9livre la principaut\u00e9 de Mortagne. Armand Jean-Duplessis, cardinal de Richelieu, ministre de Louis XIII sera prince de Mortagne de 1624 \u00e0 1642.<\/p>\n\n\n\n<p><strong>Le Port<\/strong><\/p>\n\n\n\n<p>Le bassin, dont le creusement fut commenc\u00e9 au XVIII\u00e8me si\u00e8cle, fut \u00e9largi en 1906 par la Marine Nationale. Apr\u00e8s avoir abrit\u00e9 des navires \u00e0 voile de la \u00abRoyale\u00bb, il re\u00e7ut jusqu\u2019en 1914 des navires militaires (contre-torpilleurs, sous-marins\u2026). Ce bassin accueillit \u00e9galement des terre-neuvas et des cargos assurant un commerce r\u00e9gulier avec la Grande-Bretagne. La d\u00e9faite en 1940 mit fin aux \u00e9changes commerciaux avec l\u2019Angleterre ainsi qu\u2019au cabotage \u00e0 travers la Gironde.<\/p>\n\n\n\n<p>Afin de r\u00e9activer les activit\u00e9s portuaires, la commune a r\u00e9alis\u00e9 la restructuration et l\u2019am\u00e9nagement tant du bassin que du chenal, au b\u00e9n\u00e9fice\u00a0des p\u00eacheurs\u00a0professionnels bas\u00e9s \u00e0 Mortagne et\u00a0des plaisanciers.<\/p>\n\n\n\n<p><\/p>\n","protected":false},"excerpt":{"rendered":"<p>Mortagne a b\u00e9n\u00e9fici\u00e9 pendant des si\u00e8cles de sa situation g\u00e9ographique. Sur un \u00e9peron calcaire \u00e0 mi-chemin des voies fluviales reliant le nord et le sud de l\u2019Europe, cette petite ville a prosp\u00e9r\u00e9 gr\u00e2ce au commerce. Mortagne doit son nom \u00e0 une colonie Maure \u00e9tablie jadis sur ce coin de terre.&nbsp;Mauritania&nbsp;\u00e9tant le nom latin de Mortagne. [&hellip;]<\/p>\n","protected":false},"author":1,"featured_media":0,"parent":0,"menu_order":1,"comment_status":"closed","ping_status":"closed","template":"","meta":{"footnotes":""},"class_list":["post-12","page","type-page","status-publish","hentry"],"_links":{"self":[{"href":"https:\/\/www.ot-mortagne.com\/index.php?rest_route=\/wp\/v2\/pages\/12","targetHints":{"allow":["GET"]}}],"collection":[{"href":"https:\/\/www.ot-mortagne.com\/index.php?rest_route=\/wp\/v2\/pages"}],"about":[{"href":"https:\/\/www.ot-mortagne.com\/index.php?rest_route=\/wp\/v2\/types\/page"}],"author":[{"embeddable":true,"href":"https:\/\/www.ot-mortagne.com\/index.php?rest_route=\/wp\/v2\/users\/1"}],"replies":[{"embeddable":true,"href":"https:\/\/www.ot-mortagne.com\/index.php?rest_route=%2Fwp%2Fv2%2Fcomments&post=12"}],"version-history":[{"count":2,"href":"https:\/\/www.ot-mortagne.com\/index.php?rest_route=\/wp\/v2\/pages\/12\/revisions"}],"predecessor-version":[{"id":16,"href":"https:\/\/www.ot-mortagne.com\/index.php?rest_route=\/wp\/v2\/pages\/12\/revisions\/16"}],"wp:attachment":[{"href":"https:\/\/www.ot-mortagne.com\/index.php?rest_route=%2Fwp%2Fv2%2Fmedia&parent=12"}],"curies":[{"name":"wp","href":"https:\/\/api.w.org\/{rel}","templated":true}]}}